{"id":2560,"date":"2026-04-24T07:44:22","date_gmt":"2026-04-24T12:44:22","guid":{"rendered":"https:\/\/alix.ai\/rencontrer-alix\/"},"modified":"2026-05-07T13:03:38","modified_gmt":"2026-05-07T18:03:38","slug":"rencontrer-alix","status":"publish","type":"page","link":"https:\/\/alix.ai\/fr\/rencontrer-alix\/","title":{"rendered":"Rencontre ALIX"},"content":{"rendered":"\t\t<div data-elementor-type=\"wp-page\" data-elementor-id=\"2560\" class=\"elementor elementor-2560 elementor-1152\" data-elementor-post-type=\"page\">\n\t\t\t\t\t\t<section class=\"elementor-section elementor-top-section elementor-element elementor-element-51c7735d elementor-section-boxed elementor-section-height-default elementor-section-height-default\" data-id=\"51c7735d\" data-element_type=\"section\" data-e-type=\"section\" data-settings=\"{&quot;background_background&quot;:&quot;classic&quot;}\">\n\t\t\t\t\t\t<div class=\"elementor-container elementor-column-gap-default\">\n\t\t\t\t\t<div class=\"elementor-column elementor-col-100 elementor-top-column elementor-element elementor-element-4eb2e22\" data-id=\"4eb2e22\" data-element_type=\"column\" data-e-type=\"column\">\n\t\t\t<div class=\"elementor-widget-wrap elementor-element-populated\">\n\t\t\t\t\t\t<div class=\"elementor-element elementor-element-28cb254 elementor-widget elementor-widget-heading\" data-id=\"28cb254\" data-element_type=\"widget\" data-e-type=\"widget\" data-widget_type=\"heading.default\">\n\t\t\t\t<div class=\"elementor-widget-container\">\n\t\t\t\t\t<h2 class=\"elementor-heading-title elementor-size-default\">R\u00e9servez une d\u00e9mo pour d\u00e9couvrir ALIX<\/h2>\t\t\t\t<\/div>\n\t\t\t\t<\/div>\n\t\t\t\t\t<\/div>\n\t\t<\/div>\n\t\t\t\t\t<\/div>\n\t\t<\/section>\n\t\t\t\t<section class=\"elementor-section elementor-top-section elementor-element elementor-element-708e1c61 elementor-section-boxed elementor-section-height-default elementor-section-height-default\" data-id=\"708e1c61\" data-element_type=\"section\" data-e-type=\"section\" data-settings=\"{&quot;background_background&quot;:&quot;classic&quot;}\">\n\t\t\t\t\t\t<div class=\"elementor-container elementor-column-gap-extended\">\n\t\t\t\t\t<div class=\"elementor-column elementor-col-100 elementor-top-column elementor-element elementor-element-ef0a4d2\" data-id=\"ef0a4d2\" data-element_type=\"column\" data-e-type=\"column\" data-settings=\"{&quot;background_background&quot;:&quot;classic&quot;}\">\n\t\t\t<div class=\"elementor-widget-wrap elementor-element-populated\">\n\t\t\t\t\t\t<div class=\"elementor-element elementor-element-1fc6f04 elementor-widget elementor-widget-html\" data-id=\"1fc6f04\" data-element_type=\"widget\" data-e-type=\"widget\" data-widget_type=\"html.default\">\n\t\t\t\t<div class=\"elementor-widget-container\">\n\t\t\t\t\t<script src=\"https:\/\/bookings.nimbuspop.com\/assets\/embed.js\"><\/script><div id=\"inline-container\"><\/div><script>\/\/ Initialize inline embed after script loads\n\twindow.onload = function() {\n\t\tBookings.inlineEmbed({\n\t\t\turl: \"https:\/\/booking.agilean.ca\/portal-embed#\/alix-smart-assistant-zoho\",\n\t\t\tparent: \"#inline-container\",\n\t\t\theight:\"920px\"\n\t\t});\n\t};\n<\/script>\t\t\t\t<\/div>\n\t\t\t\t<\/div>\n\t\t\t\t\t<\/div>\n\t\t<\/div>\n\t\t\t\t\t<\/div>\n\t\t<\/section>\n\t\t\t\t<section class=\"elementor-section elementor-top-section elementor-element elementor-element-468b9d51 elementor-section-boxed elementor-section-height-default elementor-section-height-default\" data-id=\"468b9d51\" data-element_type=\"section\" data-e-type=\"section\" data-settings=\"{&quot;background_background&quot;:&quot;classic&quot;}\">\n\t\t\t\t\t\t\t<div class=\"elementor-background-overlay\"><\/div>\n\t\t\t\t\t\t\t<div class=\"elementor-container elementor-column-gap-default\">\n\t\t\t\t\t<div class=\"elementor-column elementor-col-50 elementor-top-column elementor-element elementor-element-3d984628\" data-id=\"3d984628\" data-element_type=\"column\" data-e-type=\"column\">\n\t\t\t<div class=\"elementor-widget-wrap elementor-element-populated\">\n\t\t\t\t\t\t<div class=\"elementor-element elementor-element-6791eecb elementor-invisible elementor-widget elementor-widget-heading\" data-id=\"6791eecb\" data-element_type=\"widget\" data-e-type=\"widget\" data-settings=\"{&quot;_animation&quot;:&quot;fadeIn&quot;}\" data-widget_type=\"heading.default\">\n\t\t\t\t<div class=\"elementor-widget-container\">\n\t\t\t\t\t<h3 class=\"elementor-heading-title elementor-size-default\">Besoin d'assistance ? Visitez notre centre d'aide.<\/h3>\t\t\t\t<\/div>\n\t\t\t\t<\/div>\n\t\t\t\t\t<\/div>\n\t\t<\/div>\n\t\t\t\t<div class=\"elementor-column elementor-col-50 elementor-top-column elementor-element elementor-element-f0cc844\" data-id=\"f0cc844\" data-element_type=\"column\" data-e-type=\"column\">\n\t\t\t<div class=\"elementor-widget-wrap elementor-element-populated\">\n\t\t\t\t\t\t<div class=\"elementor-element elementor-element-65ec0221 elementor-align-right elementor-mobile-align-left elementor-invisible elementor-widget elementor-widget-button\" data-id=\"65ec0221\" data-element_type=\"widget\" data-e-type=\"widget\" data-settings=\"{&quot;_animation&quot;:&quot;fadeIn&quot;}\" data-widget_type=\"button.default\">\n\t\t\t\t<div class=\"elementor-widget-container\">\n\t\t\t\t\t\t\t\t\t<div class=\"elementor-button-wrapper\">\n\t\t\t\t\t<a class=\"elementor-button elementor-button-link elementor-size-lg\" href=\"https:\/\/support.alix.ai\/\" target=\"_blank\" rel=\"nofollow\">\n\t\t\t\t\t\t<span class=\"elementor-button-content-wrapper\">\n\t\t\t\t\t\t<span class=\"elementor-button-icon\">\n\t\t\t\t<i aria-hidden=\"true\" class=\"far fa-arrow-alt-circle-right\"><\/i>\t\t\t<\/span>\n\t\t\t\t\t\t\t\t\t<span class=\"elementor-button-text\">Centre d'aide<\/span>\n\t\t\t\t\t<\/span>\n\t\t\t\t\t<\/a>\n\t\t\t\t<\/div>\n\t\t\t\t\t\t\t\t<\/div>\n\t\t\t\t<\/div>\n\t\t\t\t\t<\/div>\n\t\t<\/div>\n\t\t\t\t\t<\/div>\n\t\t<\/section>\n\t\t\t\t<\/div>\n\t\t","protected":false},"excerpt":{"rendered":"<p>R\u00e9servez une d\u00e9mo pour d\u00e9couvrir ALIX Besoin d&rsquo;assistance ? Visitez notre centre d&rsquo;aide. Centre d&rsquo;aide<\/p>\n","protected":false},"author":1,"featured_media":0,"parent":0,"menu_order":0,"comment_status":"closed","ping_status":"closed","template":"","meta":{"footnotes":""},"class_list":["post-2560","page","type-page","status-publish","hentry"],"yoast_head":"<!-- This site is optimized with the Yoast SEO Premium plugin v27.5 (Yoast SEO v27.5) - https:\/\/yoast.com\/product\/yoast-seo-premium-wordpress\/ -->\n<title>Rencontre ALIX - ALIX - Smart Assistant<\/title>\n<meta name=\"robots\" content=\"index, follow, max-snippet:-1, max-image-preview:large, max-video-preview:-1\" \/>\n<link rel=\"canonical\" href=\"https:\/\/alix.ai\/fr\/rencontrer-alix\/\" \/>\n<meta property=\"og:locale\" content=\"fr_FR\" \/>\n<meta property=\"og:type\" content=\"article\" \/>\n<meta property=\"og:title\" content=\"Rencontre ALIX\" \/>\n<meta property=\"og:description\" content=\"R\u00e9servez une d\u00e9mo pour d\u00e9couvrir ALIX Besoin d&rsquo;assistance ? Visitez notre centre d&rsquo;aide. Centre d&rsquo;aide\" \/>\n<meta property=\"og:url\" content=\"https:\/\/alix.ai\/fr\/rencontrer-alix\/\" \/>\n<meta property=\"og:site_name\" content=\"ALIX - Smart Assistant\" \/>\n<meta property=\"article:modified_time\" content=\"2026-05-07T18:03:38+00:00\" \/>\n<meta name=\"twitter:card\" content=\"summary_large_image\" \/>\n<script type=\"application\/ld+json\" class=\"yoast-schema-graph\">{\"@context\":\"https:\\\/\\\/schema.org\",\"@graph\":[{\"@type\":\"WebPage\",\"@id\":\"https:\\\/\\\/alix.ai\\\/fr\\\/rencontrer-alix\\\/\",\"url\":\"https:\\\/\\\/alix.ai\\\/fr\\\/rencontrer-alix\\\/\",\"name\":\"Rencontre ALIX - ALIX - Smart Assistant\",\"isPartOf\":{\"@id\":\"https:\\\/\\\/alix.ai\\\/fr\\\/#website\"},\"datePublished\":\"2026-04-24T12:44:22+00:00\",\"dateModified\":\"2026-05-07T18:03:38+00:00\",\"breadcrumb\":{\"@id\":\"https:\\\/\\\/alix.ai\\\/fr\\\/rencontrer-alix\\\/#breadcrumb\"},\"inLanguage\":\"fr-FR\",\"potentialAction\":[{\"@type\":\"ReadAction\",\"target\":[\"https:\\\/\\\/alix.ai\\\/fr\\\/rencontrer-alix\\\/\"]}]},{\"@type\":\"BreadcrumbList\",\"@id\":\"https:\\\/\\\/alix.ai\\\/fr\\\/rencontrer-alix\\\/#breadcrumb\",\"itemListElement\":[{\"@type\":\"ListItem\",\"position\":1,\"name\":\"Home\",\"item\":\"https:\\\/\\\/alix.ai\\\/fr\\\/\"},{\"@type\":\"ListItem\",\"position\":2,\"name\":\"Rencontre ALIX\"}]},{\"@type\":\"WebSite\",\"@id\":\"https:\\\/\\\/alix.ai\\\/fr\\\/#website\",\"url\":\"https:\\\/\\\/alix.ai\\\/fr\\\/\",\"name\":\"ALIX - Smart Assistant\",\"description\":\"Manufacturing software your shop floor will actually use\",\"publisher\":{\"@id\":\"https:\\\/\\\/alix.ai\\\/fr\\\/#organization\"},\"potentialAction\":[{\"@type\":\"SearchAction\",\"target\":{\"@type\":\"EntryPoint\",\"urlTemplate\":\"https:\\\/\\\/alix.ai\\\/fr\\\/?s={search_term_string}\"},\"query-input\":{\"@type\":\"PropertyValueSpecification\",\"valueRequired\":true,\"valueName\":\"search_term_string\"}}],\"inLanguage\":\"fr-FR\"},{\"@type\":\"Organization\",\"@id\":\"https:\\\/\\\/alix.ai\\\/fr\\\/#organization\",\"name\":\"Agilean\",\"url\":\"https:\\\/\\\/alix.ai\\\/fr\\\/\",\"logo\":{\"@type\":\"ImageObject\",\"inLanguage\":\"fr-FR\",\"@id\":\"https:\\\/\\\/alix.ai\\\/fr\\\/#\\\/schema\\\/logo\\\/image\\\/\",\"url\":\"https:\\\/\\\/alix.ai\\\/wp-content\\\/uploads\\\/2026\\\/04\\\/cropped-ALIXbyAgilean_w.png\",\"contentUrl\":\"https:\\\/\\\/alix.ai\\\/wp-content\\\/uploads\\\/2026\\\/04\\\/cropped-ALIXbyAgilean_w.png\",\"width\":605,\"height\":349,\"caption\":\"Agilean\"},\"image\":{\"@id\":\"https:\\\/\\\/alix.ai\\\/fr\\\/#\\\/schema\\\/logo\\\/image\\\/\"}}]}<\/script>\n<!-- \/ Yoast SEO Premium plugin. -->","yoast_head_json":{"title":"Rencontre ALIX - ALIX - Smart Assistant","robots":{"index":"index","follow":"follow","max-snippet":"max-snippet:-1","max-image-preview":"max-image-preview:large","max-video-preview":"max-video-preview:-1"},"canonical":"https:\/\/alix.ai\/fr\/rencontrer-alix\/","og_locale":"fr_FR","og_type":"article","og_title":"Rencontre ALIX","og_description":"R\u00e9servez une d\u00e9mo pour d\u00e9couvrir ALIX Besoin d&rsquo;assistance ? Visitez notre centre d&rsquo;aide. Centre d&rsquo;aide","og_url":"https:\/\/alix.ai\/fr\/rencontrer-alix\/","og_site_name":"ALIX - Smart Assistant","article_modified_time":"2026-05-07T18:03:38+00:00","twitter_card":"summary_large_image","schema":{"@context":"https:\/\/schema.org","@graph":[{"@type":"WebPage","@id":"https:\/\/alix.ai\/fr\/rencontrer-alix\/","url":"https:\/\/alix.ai\/fr\/rencontrer-alix\/","name":"Rencontre ALIX - ALIX - Smart Assistant","isPartOf":{"@id":"https:\/\/alix.ai\/fr\/#website"},"datePublished":"2026-04-24T12:44:22+00:00","dateModified":"2026-05-07T18:03:38+00:00","breadcrumb":{"@id":"https:\/\/alix.ai\/fr\/rencontrer-alix\/#breadcrumb"},"inLanguage":"fr-FR","potentialAction":[{"@type":"ReadAction","target":["https:\/\/alix.ai\/fr\/rencontrer-alix\/"]}]},{"@type":"BreadcrumbList","@id":"https:\/\/alix.ai\/fr\/rencontrer-alix\/#breadcrumb","itemListElement":[{"@type":"ListItem","position":1,"name":"Home","item":"https:\/\/alix.ai\/fr\/"},{"@type":"ListItem","position":2,"name":"Rencontre ALIX"}]},{"@type":"WebSite","@id":"https:\/\/alix.ai\/fr\/#website","url":"https:\/\/alix.ai\/fr\/","name":"ALIX - Smart Assistant","description":"Manufacturing software your shop floor will actually use","publisher":{"@id":"https:\/\/alix.ai\/fr\/#organization"},"potentialAction":[{"@type":"SearchAction","target":{"@type":"EntryPoint","urlTemplate":"https:\/\/alix.ai\/fr\/?s={search_term_string}"},"query-input":{"@type":"PropertyValueSpecification","valueRequired":true,"valueName":"search_term_string"}}],"inLanguage":"fr-FR"},{"@type":"Organization","@id":"https:\/\/alix.ai\/fr\/#organization","name":"Agilean","url":"https:\/\/alix.ai\/fr\/","logo":{"@type":"ImageObject","inLanguage":"fr-FR","@id":"https:\/\/alix.ai\/fr\/#\/schema\/logo\/image\/","url":"https:\/\/alix.ai\/wp-content\/uploads\/2026\/04\/cropped-ALIXbyAgilean_w.png","contentUrl":"https:\/\/alix.ai\/wp-content\/uploads\/2026\/04\/cropped-ALIXbyAgilean_w.png","width":605,"height":349,"caption":"Agilean"},"image":{"@id":"https:\/\/alix.ai\/fr\/#\/schema\/logo\/image\/"}}]}},"_links":{"self":[{"href":"https:\/\/alix.ai\/fr\/wp-json\/wp\/v2\/pages\/2560","targetHints":{"allow":["GET"]}}],"collection":[{"href":"https:\/\/alix.ai\/fr\/wp-json\/wp\/v2\/pages"}],"about":[{"href":"https:\/\/alix.ai\/fr\/wp-json\/wp\/v2\/types\/page"}],"author":[{"embeddable":true,"href":"https:\/\/alix.ai\/fr\/wp-json\/wp\/v2\/users\/1"}],"replies":[{"embeddable":true,"href":"https:\/\/alix.ai\/fr\/wp-json\/wp\/v2\/comments?post=2560"}],"version-history":[{"count":0,"href":"https:\/\/alix.ai\/fr\/wp-json\/wp\/v2\/pages\/2560\/revisions"}],"wp:attachment":[{"href":"https:\/\/alix.ai\/fr\/wp-json\/wp\/v2\/media?parent=2560"}],"curies":[{"name":"wp","href":"https:\/\/api.w.org\/{rel}","templated":true}]}}